{"id":21,"date":"2023-09-10T20:29:52","date_gmt":"2023-09-10T20:29:52","guid":{"rendered":"https:\/\/fuer-blogger.de\/?page_id=21"},"modified":"2023-09-10T20:29:52","modified_gmt":"2023-09-10T20:29:52","slug":"datenschutz","status":"publish","type":"page","link":"https:\/\/fuer-blogger.de\/index.php\/datenschutz\/","title":{"rendered":"Datenschutz"},"content":{"rendered":"\n<h1 class=\"wp-block-heading\">Datenschutzbestimmungen der Gipfelst\u00fcrmer Agentur<\/h1>\n\n\n\n<p><strong>Wir sind die Gipfelst\u00fcrmer Marketing-Agentur.<\/strong><\/p>\n\n\n\n<p>Wir, die Gipfelst\u00fcrmer Agentur GmbH, nehmen den Schutz Ihrer pers\u00f6nlichen Daten sehr ernst und halten uns strikt an die Regeln der Datenschutzgesetze bzw. Datenschutzbestimmungen. Personenbezogene Daten werden auf dieser Webseite nur im technisch notwendigen Umfang erhoben. In keinem Fall werden die erhobenen Daten verkauft. Die nachfolgende Erkl\u00e4rung gibt Ihnen einen \u00fcberblick dar\u00fcber, wie wir diesen Schutz gew\u00e4hrleisten und welche Art von Daten zu welchem Zweck erhoben werden.<\/p>\n\n\n\n<p>Personenbezogene Daten<br>Personenbezogene Daten sind Informationen zu Ihrer Identit\u00e4t. Hierunter fallen z.B. Angaben wie Name, Adresse, Telefonnummer, E-Mail-Adresse. F\u00fcr die Nutzung unserer Internetseite ist es nicht erforderlich, dass Sie personenbezogene Daten preisgeben m\u00fcssen. In bestimmten F\u00e4llen ben\u00f6tigen wir jedoch Ihren Namen und Ihre Adresse sowie weitere Angaben, damit wir die gew\u00fcnschten Dienstleistungen erbringen k\u00f6nnen.<\/p>\n\n\n\n<p>Gleiches gilt beispielsweise f\u00fcr die Zusendung von Informationsmaterial und bestellten Waren oder f\u00fcr die Beantwortung individueller Fragen. Wo dies erforderlich ist, weisen wir Sie entsprechend darauf hin. Dar\u00fcber hinaus speichern und verarbeiten wir nur Daten, die Sie uns freiwillig oder automatisch zur Verf\u00fcgung stellen.<\/p>\n\n\n\n<p>Sofern Sie Service-Leistungen in Anspruch nehmen, werden in der Regel nur solche Daten erhoben, die wir zur Erbringung der Leistungen ben\u00f6tigen. Soweit wir Sie um weitergehende Daten bitten, handelt es sich um freiwillige Informationen. Die Verarbeitung personenbezogener Daten erfolgt ausschlie\u00dflich zur Erf\u00fcllung des nachgefragten Service und zur Wahrung eigener berechtigter Gesch\u00e4ftsinteressen.<\/p>\n\n\n\n<p>Datenerhebung auf dieser Internetseite<br>Diese Seite erhebt und speichert automatisch in ihren Server Log Files Informationen, die Ihr Browser an uns \u00fcbermittelt. Dies sind:<\/p>\n\n\n\n<p>Browsertyp und -version<br>Verwendetes Betriebssystem<br>Referrer-URL (die zuvor besuchte Seite)<br>Hostname des zugreifenden Rechners inkl. IP-Adresse<br>Uhrzeit der Serveranfrage<br>Diese Daten sind f\u00fcr uns nicht bestimmten Personen zuordbar. Eine Zusammenf\u00fchrung dieser Daten mit anderen Datenquellen wird nicht vorgenommen, die Daten werden zudem nach einer statistischen Auswertung gel\u00f6scht.<\/p>\n\n\n\n<p>Zweckbestimmung<br>Die von Ihnen zur Verf\u00fcgung gestellten personenbezogenen Daten verwenden wir im Allgemeinen, um Ihre Anfragen zu beantworten, Ihre Auftr\u00e4ge zu bearbeiten oder Ihnen Zugang zu bestimmten Informationen oder Angeboten zu verschaffen.<\/p>\n\n\n\n<p>Selbstverst\u00e4ndlich respektieren wir es, wenn Sie uns Ihre personenbezogenen Daten nicht zur Unterst\u00fctzung unserer Kundenbeziehung (insbesondere f\u00fcr Direktmarketing oder zu Marktforschungszwecken) \u00fcberlassen wollen. Wir werden Ihre personenbezogenen Daten weder an Dritte verkaufen noch anderweitig vermarkten.<\/p>\n\n\n\n<p>Verwendung<br>Wir werden die von Ihnen online zur Verf\u00fcgung gestellten personenbezogenen Daten nur f\u00fcr die Ihnen mitgeteilten Zwecke erheben, verarbeiten und nutzen. Eine Weitergabe Ihrer personenbezogenen Daten an Dritte erfolgt nicht ohne Ihre notwendige Einwilligung.<\/p>\n\n\n\n<p>Erhebungen von personenbezogenen Daten sowie deren \u00fcbermittlung an auskunftsberechtigte staatliche Institutionen und Beh\u00f6rden erfolgen nur im Rahmen der einschl\u00e4gigen Gesetze bzw. sofern wir durch eine gerichtliche Entscheidung dazu verpflichtet sind. Unsere Mitarbeiter und die von uns beauftragten Dienstleistungsunternehmen sind von uns zur Verschwiegenheit und zur Einhaltung der Bestimmungen des Bundesdatenschutzgesetzes verpflichtet.<\/p>\n\n\n\n<p>Nicht personenbezogene Daten, die automatisch erfasst werden<br>Bei der Nutzung unserer Internetseiten werden aus organisatorischen und technischen Gr\u00fcnden folgende Daten gespeichert: die Namen der aufgerufenen Seiten, des verwendeten Browsers und des Betriebssystems, Datum und Uhrzeit des Zugangs, verwendete Suchmaschinen, Namen heruntergeladener Dateien und ihre IP-Adresse.<\/p>\n\n\n\n<p>Wir werten diese technischen Daten anonym und lediglich zu statistischen Zwecken aus, um unseren Internetauftritt st\u00e4ndig weiter optimieren und unsere Internetangebote noch attraktiver gestalten zu k\u00f6nnen. Diese anonymen Daten werden getrennt von personenbezogenen Informationen auf gesicherten Systemen gespeichert und lassen keine R\u00fcckschl\u00fcsse auf eine individuelle Person zu. Ihre personenbezogenen Daten und Ihre Privatsph\u00e4re sind also jederzeit gesch\u00fctzt.<\/p>\n\n\n\n<p>Sicherheit<br>Wir haben technische und organisatorische Sicherheitsma\u00dfnahmen getroffen, um Ihre personenbezogenen Daten vor Verlust, Zerst\u00f6rung, Manipulation und unberechtigten Zugriff zu sch\u00fctzen. Alle unserer Mitarbeiter und alle an der Datenverarbeitung beteiligten Dritte sind auf das Bundesdatenschutzgesetz und den vertraulichen Umgang mit personenbezogenen Daten verpflichtet.<\/p>\n\n\n\n<p>Im Falle der Erhebung und Verarbeitung pers\u00f6nlicher Daten werden die Informationen in verschl\u00fcsselter Form \u00fcbertragen, um einem Missbrauch der Daten durch Dritte vorzubeugen. Unsere Sicherungsma\u00dfnahmen werden entsprechend der technologischen Entwicklung fortlaufend \u00fcberarbeitet.<\/p>\n\n\n\n<p>Nutzung von google Analytics<br>Diese Website benutzt Google Analytics, einen Webanalysedienst der Google Inc. (\u201cGoogle\u201d). Google Analytics verwendet sog. \u201cCookies\u201d, Textdateien, die auf Ihrem Computer gespeichert werden und die eine Analyse der Benutzung der Website durch Sie erm\u00f6glichen. Die durch den Cookie erzeugten Informationen \u00fcber Ihre Benutzung dieser Website werden in der Regel an einen Server von Google in den USA \u00fcbertragen und dort gespeichert. Im Falle der Aktivierung der IP-Anonymisierung auf dieser Webseite, wird Ihre IP-Adresse von Google jedoch innerhalb von Mitgliedstaaten der Europ\u00e4ischen Union oder in anderen Vertragsstaaten des Abkommens \u00fcber den Europ\u00e4ischen Wirtschaftsraum zuvor gek\u00fcrzt. Nur in Ausnahmef\u00e4llen wird die volle IP-Adresse an einen Server von Google in den USA \u00fcbertragen und dort gek\u00fcrzt. Im Auftrag des Betreibers dieser Website wird Google diese Informationen benutzen, um Ihre Nutzung der Website auszuwerten, um Reports \u00fcber die Websiteaktivit\u00e4ten zusammenzustellen und um weitere mit der Websitenutzung und der Internetnutzung verbundene Dienstleistungen gegen\u00fcber dem Websitebetreiber zu erbringen. Die im Rahmen von Google Analytics von Ihrem Browser \u00fcbermittelte IP-Adresse wird nicht mit anderen Daten von Google zusammengef\u00fchrt. Sie k\u00f6nnen die Speicherung der Cookies durch eine entsprechende Einstellung Ihrer Browser-Software verhindern; wir weisen Sie jedoch darauf hin, dass Sie in diesem Fall gegebenenfalls nicht s\u00e4mtliche Funktionen dieser Website vollumf\u00e4nglich werden nutzen k\u00f6nnen. Sie k\u00f6nnen dar\u00fcber hinaus die Erfassung der durch das Cookie erzeugten und auf Ihre Nutzung der Website bezogenen Daten (inkl. Ihrer IP-Adresse) an Google sowie die Verarbeitung dieser Daten durch Google verhindern, indem sie das unter dem folgenden Link (https:\/\/tools.google.com\/dlpage\/gaoptout?hl=de) verf\u00fcgbare Browser-Plugin herunterladen und installieren. Unter https:\/\/www.google.com\/analytics\/terms\/de.html bzw. https:\/\/www.google.com\/intl\/de\/analytics\/privacyoverview.html finden Sie weitere Informationen zu den Nutzungsbedingungen und zum Datenschutz. Um die IP Adressen zu anonymisieren wurde Google Analytics auf dieser Seite um den Code \u201cgat._anonymizeIP();\u201d erweitert.<\/p>\n\n\n\n<p>Facebook \u2013 Plugin<br>Auf dieser Internetpr\u00e4senz wird ein Plugin verwendet, das auf ein externes soziales Netzwerk verweist. Dessen Internetauftritt wird ausschlie\u00dflich betrieben von Facebook Inc., 1601 S. California Ave, Palo Alto, CA 94304, USA (Facebook). Diese Links erkennen Sie anhand des Facebook Logos, der Beschreibung \u201cGef\u00e4llt mir\u201d oder des Daumen hoch Symbols.<\/p>\n\n\n\n<p>Das Facebook \u2013 Plugin ist standardm\u00e4\u00dfig nicht aktiviert. Erst wenn sie dies zum ersten Mal anklicken, wird es aktiv und stellt eine Verbindung zu Facebook her. Sofern Sie zu diesem Zeitpunkt bei Facebook angemeldet sind, wird Facebook Ihrem Konto zuordnen, dass sie unsere Webseite besucht haben.<\/p>\n\n\n\n<p>Auf dieser Internetpr\u00e4senz wird ein Plugin Verwendet, das auf ein externes soziales Netzwerk verweist. Dessen Internetauftritt wird ausschlie\u00dflich betrieben von Facebook Inc., 1601 S. California Ave, Palo Alto, CA 94304, USA (Facebook). Diese Links erkennen Sie anhand des Facebook Logos, der Beschreibung \u201cGef\u00e4llt mir\u201d oder des Daumen hoch Symbols.<\/p>\n\n\n\n<p>Diese Informationen werden an Facebook \u00fcbermittelt und dort gespeichert. Um dies zu verhindern m\u00fcssen Sie sich vor dem Klick auf den Verweis aus Ihrem Facebook-Account ausloggen. Die den Verweisen von Facebook zugewiesenen Funktionen, insbesondere die \u00fcbermittlung von Informationen und Nutzerdaten, werden nicht bereits durch das Besuchen unserer Website aktiv, sondern erst durch den Klick auf die entsprechenden Verweise.<\/p>\n\n\n\n<p>Weitere Informationen zu Zweck und Umfang der Datenerhebung bei Facebook finden Sie in den Datenschutzrichtlinien von Facebook (https:\/\/de-de.facebook.com\/privacy\/explanation.php)<\/p>\n\n\n\n<p>Auf dieser Seite sind Funktionen des Dienstes Instagram eingebunden. Diese Funktionen werden angeboten durch die Instagram Inc., 1601 Willow Road, Menlo Park, CA, 94025, USA integriert. Wenn Sie in Ihrem Instagram-Account eingeloggt sind k\u00f6nnen Sie durch Anklicken des Instagram-Buttons die Inhalte unserer Seiten mit Ihrem Instagram-Profil verlinken. Dadurch kann Instagram den Besuch unserer Seiten Ihrem Benutzerkonto zuordnen. Wir weisen darauf hin, dass wir als Anbieter der Seiten keine Kenntnis vom Inhalt der \u00fcbermittelten Daten sowie deren Nutzung durch Instagram erhalten.<\/p>\n\n\n\n<p>Weitere Informationen hierzu finden Sie in der Datenschutzerkl\u00e4rung von Instagram:&nbsp;<a href=\"http:\/\/instagram.com\/about\/legal\/privacy\/\">http:\/\/instagram.com\/about\/legal\/privacy\/<\/a><\/p>\n\n\n\n<p>Kinder und Jugendliche<br>Personen unter 18 Jahren sollten ohne Zustimmung der Eltern oder Erziehungsberechtigten keine personenbezogenen Daten an uns \u00fcbermitteln. Wir fordern keine personenbezogenen Daten von Kindern und Jugendlichen an, sammeln diese nicht und geben sie nicht an Dritte weiter.<\/p>\n\n\n\n<p>Weitergabe Ihrer Daten<br>Ich gebe Ihre personenbezogenen Daten nicht an Dritte weiter, au\u00dfer dies wird zur Abwicklung des Gesch\u00e4ftsverkehrs ben\u00f6tigt. Soweit ich aber gesetzlich oder per Gerichtsbeschluss dazu verpflichtet bin, geben wir Ihre Daten nur an auskunftsberechtigte staatliche Institutionen und Beh\u00f6rden weiter.<\/p>\n\n\n\n<p>Cookies<br>Cookies sind kleine Textdateien, die auf dem PC des Internet-Nutzers abgelegt werden. Sie dienen der Steuerung der Internet-Verbindung w\u00e4hrend Ihres Besuchs auf unseren Webseiten. Gleichzeitig erhalten wir \u00fcber diese Cookies Informationen, die es uns erm\u00f6glichen, unsere Webseiten auf die Bed\u00fcrfnisse der Besucher zu optimieren. Wir verwenden Cookies zum Teil nur f\u00fcr die Dauer des Aufenthalts auf der Webseite. Sie dienen ausschlie\u00dflich der Analyse der Webseitenverwendung. S\u00e4mtliche Cookies auf unseren Webseiten beinhalten rein technische Informationen, keine pers\u00f6nlichen Daten.<\/p>\n\n\n\n<p>Auskunftsrecht<br>Sie haben jederzeit das Recht auf Auskunft \u00fcber die zu Ihrer Person gespeicherten Daten, deren Herkunft und Empf\u00e4nger sowie den Zweck der Speicherung. Auskunft \u00fcber die von Ihnen gespeicherten personenbezogenen Daten k\u00f6nnen Sie jederzeit von unserem Datenschutzbeauftragten bekommen.<\/p>\n\n\n\n<p>Widerspruchsrecht<br>Weiterhin k\u00f6nnen Sie jederzeit Ihre Zustimmung zur Erhebung und Speicherung Ihrer personenbezogenen Daten durch uns widerrufen. Bei Bedarf schreiben Sie bitte eine Mail an kontakt@gipfelstuermer-agentur.de<\/p>\n\n\n\n<p>Weitere Informationen<br>Ihr Vertrauen ist uns wichtig. Daher m\u00f6chten wir Ihnen jederzeit Rede und Antwort bez\u00fcglich der Verarbeitung Ihrer Daten stehen. Wenn Sie Fragen haben, die Ihnen diese Datenschutzerkl\u00e4rung nicht beantworten konnte oder wenn Sie zu einem Punkt vertiefte Informationen w\u00fcnschen, wenden Sie sich bitte an uns:<\/p>\n\n\n\n<p>kontakt@gipfelstuermer-agentur.de<\/p>\n\n\n\n<p>Wir behalten uns das Recht vor, unsere Sicherheits- und Datenschutzma\u00dfnahmen zu ver\u00e4ndern, soweit dies wegen der technischen Entwicklung erforderlich wird. In diesen F\u00e4llen werden wir auch unsere Hinweise zum Datenschutz entsprechend anpassen. Bitte beachten Sie daher die jeweils aktuelle Version unserer Datenschutzerkl\u00e4rung.<\/p>\n\n\n\n<p>Wir sind die Gipfelst\u00fcrmer Marketing-Agentur.<\/p>\n","protected":false},"excerpt":{"rendered":"<p>Datenschutzbestimmungen der Gipfelst\u00fcrmer Agentur Wir sind die Gipfelst\u00fcrmer Marketing-Agentur. Wir, die Gipfelst\u00fcrmer Agentur GmbH, nehmen den Schutz Ihrer pers\u00f6nlichen Daten sehr ernst und halten uns strikt an die Regeln der Datenschutzgesetze bzw. Datenschutzbestimmungen. Personenbezogene Daten werden auf dieser Webseite nur im technisch notwendigen Umfang erhoben. In keinem Fall werden die erhobenen Daten verkauft. Die nachfolgende [&hellip;]<\/p>\n","protected":false},"author":1,"featured_media":0,"parent":0,"menu_order":0,"comment_status":"closed","ping_status":"closed","template":"","meta":{"footnotes":""},"class_list":["post-21","page","type-page","status-publish","hentry"],"_links":{"self":[{"href":"https:\/\/fuer-blogger.de\/index.php\/wp-json\/wp\/v2\/pages\/21","targetHints":{"allow":["GET"]}}],"collection":[{"href":"https:\/\/fuer-blogger.de\/index.php\/wp-json\/wp\/v2\/pages"}],"about":[{"href":"https:\/\/fuer-blogger.de\/index.php\/wp-json\/wp\/v2\/types\/page"}],"author":[{"embeddable":true,"href":"https:\/\/fuer-blogger.de\/index.php\/wp-json\/wp\/v2\/users\/1"}],"replies":[{"embeddable":true,"href":"https:\/\/fuer-blogger.de\/index.php\/wp-json\/wp\/v2\/comments?post=21"}],"version-history":[{"count":1,"href":"https:\/\/fuer-blogger.de\/index.php\/wp-json\/wp\/v2\/pages\/21\/revisions"}],"predecessor-version":[{"id":22,"href":"https:\/\/fuer-blogger.de\/index.php\/wp-json\/wp\/v2\/pages\/21\/revisions\/22"}],"wp:attachment":[{"href":"https:\/\/fuer-blogger.de\/index.php\/wp-json\/wp\/v2\/media?parent=21"}],"curies":[{"name":"wp","href":"https:\/\/api.w.org\/{rel}","templated":true}]}}